{"id":3960,"date":"2019-09-04T12:38:12","date_gmt":"2019-09-04T12:38:12","guid":{"rendered":"https:\/\/innar.es\/my-account\/"},"modified":"2019-09-04T12:38:12","modified_gmt":"2019-09-04T12:38:12","slug":"my-account","status":"publish","type":"page","link":"https:\/\/innar.es\/en\/my-account\/","title":{"rendered":"My Account"},"content":{"rendered":"<p>Im Jahr 2012, einmal in der Sierra de Aracena (Huelva),der B\u00fcro \u00f6ffnen begint seine Lebensabschnitt mit dem Design und Vorbereitung ihrer Arbeitplatz. In seinen ersten Stadien das Studio hat wechseln H\u00e4user in den umliegenden D\u00f6rfern reformiert. Die Bestellungen, von unterschiedlicher Gr\u00f6\u00dfe, beinhalten den kompletten Renovierungen der l\u00e4ndlichen H\u00e4user. Parallel hat es anderen \u00fcblichen Aufgaben in einem Architekturb\u00fcro entwickelt.<\/p>\n<p>inN Architecture bietet seinen komplette <em>know-how<\/em> f\u00fcr Ausl\u00e4nder bei Investitionen in Eigentum in der Provinz Huelva und dar\u00fcber hinaus interessiert sind. Wir beraten und folgen Sie durch den gesamten Prozess, im ihre eigene Sprache, von der erste Besuch bis der ersten Morgen in Ihrem neuen Hause. Unser B\u00fcro ist spezialisiert auf geben den besten Erhalt f\u00fcr Ihr Budget. Wir bieten eine breite Palette von L\u00f6sungen f\u00fcr den Wohnungsbau in nat\u00fcrlichen und l\u00e4ndlichen Umgebung.<\/p>\n<p>Sie k\u00f6nnen mehr \u00fcber was wir tun lernen in dem Men\u00fc neben dem Englisch Sprache obigen Link, oder k\u00f6nnen Sie direkt der Link zu unseren <a href=\"http:\/\/innar.es\/category\/projects\/\">Arbeiten und Projekte Bereich<\/a> konsultieren.<\/p>\n<p><strong><a href=\"http:\/\/innar.es\/wp-content\/uploads\/2013\/03\/Foto-CV-mini.jpg\" data-lbwps-width=\"187\" data-lbwps-height=\"240\" data-lbwps-srcsmall=\"https:\/\/innar.es\/wp-content\/uploads\/2013\/03\/Foto-CV-mini.jpg\"><img decoding=\"async\" class=\"alignleft wp-image-215\" style=\"margin-top: 30px; margin-bottom: 30px;\" src=\"http:\/\/innar.es\/wp-content\/uploads\/2013\/03\/Foto-CV-mini.jpg\" alt=\"Foto-CV\" width=\"112\" height=\"144\" \/><\/a>Carlos G\u00f3mez Sos<\/strong> (Sevilla, Spanien) erh\u00e4lt seinen Architekten Grad durch die ETSA von Sevilla im Jahr 2008. Er hat lange Gesch\u00e4fts und Studienreisen in Br\u00fcssel, Belo Horizonte (Brasilien) und in der RWTH in Aachen (Deutschland) passiert, und hat sich auch mit lokalen Architekturb\u00fcros zusammengearbeitet. Im Jahr 2013 erh\u00e4lt er seinen Master in Nachhaltigen Stadt und Architektur, von der Universit\u00e4t von Sevilla lehrt. Seine Diplom und Masterarbeite verdienen ihm einen sehr gute Qualifikation. Er versteht die Disziplin der Architektur aus einen transversal Perspektive, wenn man die technischen Bereiche sind als relevant wie die Theorie oder der Gestaltung. F\u00fcr mehr \u00fcber ihn wissen, konsultieren Sie bitte sein <a href=\"http:\/\/innar.es\/portfolio-2001-2008-english-version\/\">Portfolio<\/a> auf Englisch.<\/p>\n","protected":false},"excerpt":{"rendered":"<p>Im Jahr 2012, einmal in der Sierra de Aracena (Huelva),der  [&#8230;]<\/p>\n","protected":false},"author":30,"featured_media":0,"parent":0,"menu_order":0,"comment_status":"open","ping_status":"open","template":"","meta":{"footnotes":""},"class_list":["post-3960","page","type-page","status-publish","hentry"],"aioseo_notices":[],"_links":{"self":[{"href":"https:\/\/innar.es\/en\/wp-json\/wp\/v2\/pages\/3960","targetHints":{"allow":["GET"]}}],"collection":[{"href":"https:\/\/innar.es\/en\/wp-json\/wp\/v2\/pages"}],"about":[{"href":"https:\/\/innar.es\/en\/wp-json\/wp\/v2\/types\/page"}],"author":[{"embeddable":true,"href":"https:\/\/innar.es\/en\/wp-json\/wp\/v2\/users\/30"}],"replies":[{"embeddable":true,"href":"https:\/\/innar.es\/en\/wp-json\/wp\/v2\/comments?post=3960"}],"version-history":[{"count":0,"href":"https:\/\/innar.es\/en\/wp-json\/wp\/v2\/pages\/3960\/revisions"}],"wp:attachment":[{"href":"https:\/\/innar.es\/en\/wp-json\/wp\/v2\/media?parent=3960"}],"curies":[{"name":"wp","href":"https:\/\/api.w.org\/{rel}","templated":true}]}}